{"id":1238,"date":"2024-06-06T23:19:47","date_gmt":"2024-06-06T21:19:47","guid":{"rendered":"https:\/\/lodzwielukultur.pl\/privacy-policy\/"},"modified":"2024-07-28T12:53:51","modified_gmt":"2024-07-28T10:53:51","slug":"privacy-policy","status":"publish","type":"page","link":"https:\/\/2024.lodzwielukultur.pl\/en\/privacy-policy\/","title":{"rendered":"Privacy Policy"},"content":{"rendered":"\n<ol class=\"wp-block-list\">\n<li>The Marek Edelman Dialogue Center in \u0141\u00f3d\u017a, the administrator of the service, available at www.2024.lodzwielukultur.pl, undertakes to duly protect the data on visitors to the service.<\/li>\n\n\n\n<li>Personal data of service users will not be transferred or sold to companies or third parties.<\/li>\n\n\n\n<li>Data provided by users of the site will be used only for the purpose of communication or updating the data contained in the database that is an integral part of the site.<\/li>\n\n\n\n<li>The website administrator and the entities (Google Inc., Facebook Inc.) operating the website collect statistics on website visitors. Regardless of the personal data provided during communication, the owner of the website may use technologies that allow the collection of certain technical information, such as IP address, type of Internet browser and operating system used (see also point 5).<\/li>\n\n\n\n<li>In order to improve the functioning of the website, cookies are used. These files are information transmitted by the web browser and stored on the local hard drive of the website user. Cookies do not collect any personal data of the website user. The website saves cookies on the user&#8217;s computer, used to store information in them for functionality.\u2028The purpose is to improve performance, create statistics which allows to improve their structure and content and facilitate browsing on the next visit to the site. The user himself decides which cookies and how they are stored, through the settings of his web browser, with the default settings of browsers allowing the storage of cookies.<\/li>\n\n\n\n<li>The Service uses two main types of cookies: \u201csession cookies\u201d and \u2018permanent cookies\u2019 (persistent cookies). \u201cSession\u201d cookies are temporary files that are stored on the User&#8217;s terminal device until the User logs out, leaves the website or shuts down the software (web browser). \u201cPermanent\u201d cookies are stored on the User&#8217;s end device for the time specified in the parameters of the cookies or until they are deleted by the User.<\/li>\n\n\n\n<li>The site administrator reserves the right to make changes to the privacy policy. Changes may occur at any time, and users may or may not be notified.<\/li>\n\n\n\n<li>This policy does not violate mandatory laws, in particular consumer protection and competition laws. In the event of a conflict between the provisions of the policy and mandatory regulations, the provisions of the policy shall be replaced by these regulations, and the remainder of the policy shall remain in effect.<\/li>\n<\/ol>\n\n<p>Changes in Cookies settings in the most popular browsers.<\/p>\n\n<p>Google Chrome<\/p>\n\n<p>Click on the menu (in the upper right corner), tab Settings &gt; Show advanced settings. In the \u201cPrivacy\u201d section, click the Content Settings button. In the \u201cCookies\u201d section, you can change the following cookie settings:<\/p>\n\n<p>Deleting cookies<\/p>\n\n<p>Default cookie blocking<\/p>\n\n<p>Allow cookies by default<\/p>\n\n<p>Default retention of cookies and page data until browser closes<\/p>\n\n<p>Specify exceptions for cookies from specific sites or domains<\/p>\n\n<p>Internet Explorer 6.0 and 7.0<\/p>\n\n<p>From the browser menu (upper right corner), select: Tools &gt; Internet Options &gt; Privacy, Sites button. Use the slider to set the level, confirm the change with the OK button.<\/p>\n\n<p>Mozilla Firefox<\/p>\n\n<p>From the browser menu, select: Tools &gt; Options &gt; Privacy. Activate the Firefox program field: \u201cwill use user settings\u201d.<\/p>\n\n<p>Cookies are decided by clicking &#8211; or not &#8211; on the Accept cookies item.<\/p>\n\n<p>Opera<\/p>\n\n<p>From the browser menu, select: Utility &gt; Preferences &gt; Advanced.<\/p>\n\n<p>Cookies are decided by checking &#8211; or not &#8211; the Cookies item.<\/p>\n\n<p>Safari<\/p>\n\n<p>In the Safari drop-down menu, select Preferences and click the Security icon. Here you select the security level in the \u201cAccept cookies\u201d area.<\/p>\n","protected":false},"excerpt":{"rendered":"<p>Changes in Cookies settings in the most popular browsers. Google Chrome Click on the menu (in the upper right corner), tab Settings &gt; Show advanced settings. In the \u201cPrivacy\u201d section, click the Content Settings button. In the \u201cCookies\u201d section, you can change the following cookie settings: Deleting cookies Default cookie blocking Allow cookies by default [&hellip;]<\/p>\n","protected":false},"author":1,"featured_media":0,"parent":0,"menu_order":0,"comment_status":"closed","ping_status":"open","template":"","meta":{"_acf_changed":false,"inline_featured_image":false,"footnotes":""},"class_list":["post-1238","page","type-page","status-publish","hentry"],"acf":[],"yoast_head":"<!-- This site is optimized with the Yoast SEO plugin v25.0 - https:\/\/yoast.com\/wordpress\/plugins\/seo\/ -->\n<title>Privacy Policy - Festiwal<\/title>\n<meta name=\"robots\" content=\"index, follow, max-snippet:-1, max-image-preview:large, max-video-preview:-1\" \/>\n<link rel=\"canonical\" href=\"https:\/\/2024.lodzwielukultur.pl\/polityka-prywatnosci\/\" \/>\n<meta property=\"og:locale\" content=\"en_US\" \/>\n<meta property=\"og:type\" content=\"article\" \/>\n<meta property=\"og:title\" content=\"Privacy Policy - Festiwal\" \/>\n<meta property=\"og:description\" content=\"Changes in Cookies settings in the most popular browsers. Google Chrome Click on the menu (in the upper right corner), tab Settings &gt; Show advanced settings. In the \u201cPrivacy\u201d section, click the Content Settings button. In the \u201cCookies\u201d section, you can change the following cookie settings: Deleting cookies Default cookie blocking Allow cookies by default [&hellip;]\" \/>\n<meta property=\"og:url\" content=\"https:\/\/2024.lodzwielukultur.pl\/polityka-prywatnosci\/\" \/>\n<meta property=\"og:site_name\" content=\"Festiwal\" \/>\n<meta property=\"article:modified_time\" content=\"2024-07-28T10:53:51+00:00\" \/>\n<meta name=\"twitter:card\" content=\"summary_large_image\" \/>\n<meta name=\"twitter:label1\" content=\"Est. reading time\" \/>\n\t<meta name=\"twitter:data1\" content=\"3 minutes\" \/>\n<script type=\"application\/ld+json\" class=\"yoast-schema-graph\">{\"@context\":\"https:\/\/schema.org\",\"@graph\":[{\"@type\":\"WebPage\",\"@id\":\"https:\/\/2024.lodzwielukultur.pl\/polityka-prywatnosci\/\",\"url\":\"https:\/\/2024.lodzwielukultur.pl\/polityka-prywatnosci\/\",\"name\":\"Privacy Policy - Festiwal\",\"isPartOf\":{\"@id\":\"https:\/\/2024.lodzwielukultur.pl\/#website\"},\"datePublished\":\"2024-06-06T21:19:47+00:00\",\"dateModified\":\"2024-07-28T10:53:51+00:00\",\"breadcrumb\":{\"@id\":\"https:\/\/2024.lodzwielukultur.pl\/polityka-prywatnosci\/#breadcrumb\"},\"inLanguage\":\"en-US\",\"potentialAction\":[{\"@type\":\"ReadAction\",\"target\":[\"https:\/\/2024.lodzwielukultur.pl\/polityka-prywatnosci\/\"]}]},{\"@type\":\"BreadcrumbList\",\"@id\":\"https:\/\/2024.lodzwielukultur.pl\/polityka-prywatnosci\/#breadcrumb\",\"itemListElement\":[{\"@type\":\"ListItem\",\"position\":1,\"name\":\"Strona g\u0142\u00f3wna\",\"item\":\"https:\/\/2024.lodzwielukultur.pl\/en\/\"},{\"@type\":\"ListItem\",\"position\":2,\"name\":\"Privacy Policy\"}]},{\"@type\":\"WebSite\",\"@id\":\"https:\/\/2024.lodzwielukultur.pl\/#website\",\"url\":\"https:\/\/2024.lodzwielukultur.pl\/\",\"name\":\"Festiwal\",\"description\":\"\u0141\u00f3d\u017a Wielu Kultur\",\"publisher\":{\"@id\":\"https:\/\/2024.lodzwielukultur.pl\/#organization\"},\"potentialAction\":[{\"@type\":\"SearchAction\",\"target\":{\"@type\":\"EntryPoint\",\"urlTemplate\":\"https:\/\/2024.lodzwielukultur.pl\/?s={search_term_string}\"},\"query-input\":{\"@type\":\"PropertyValueSpecification\",\"valueRequired\":true,\"valueName\":\"search_term_string\"}}],\"inLanguage\":\"en-US\"},{\"@type\":\"Organization\",\"@id\":\"https:\/\/2024.lodzwielukultur.pl\/#organization\",\"name\":\"Festiwal\",\"url\":\"https:\/\/2024.lodzwielukultur.pl\/\",\"logo\":{\"@type\":\"ImageObject\",\"inLanguage\":\"en-US\",\"@id\":\"https:\/\/2024.lodzwielukultur.pl\/#\/schema\/logo\/image\/\",\"url\":\"https:\/\/2024.lodzwielukultur.pl\/wp-content\/uploads\/2024\/06\/logotype-1.svg\",\"contentUrl\":\"https:\/\/2024.lodzwielukultur.pl\/wp-content\/uploads\/2024\/06\/logotype-1.svg\",\"width\":\"1024\",\"height\":\"1024\",\"caption\":\"Festiwal\"},\"image\":{\"@id\":\"https:\/\/2024.lodzwielukultur.pl\/#\/schema\/logo\/image\/\"}}]}<\/script>\n<!-- \/ Yoast SEO plugin. -->","yoast_head_json":{"title":"Privacy Policy - Festiwal","robots":{"index":"index","follow":"follow","max-snippet":"max-snippet:-1","max-image-preview":"max-image-preview:large","max-video-preview":"max-video-preview:-1"},"canonical":"https:\/\/2024.lodzwielukultur.pl\/polityka-prywatnosci\/","og_locale":"en_US","og_type":"article","og_title":"Privacy Policy - Festiwal","og_description":"Changes in Cookies settings in the most popular browsers. Google Chrome Click on the menu (in the upper right corner), tab Settings &gt; Show advanced settings. In the \u201cPrivacy\u201d section, click the Content Settings button. In the \u201cCookies\u201d section, you can change the following cookie settings: Deleting cookies Default cookie blocking Allow cookies by default [&hellip;]","og_url":"https:\/\/2024.lodzwielukultur.pl\/polityka-prywatnosci\/","og_site_name":"Festiwal","article_modified_time":"2024-07-28T10:53:51+00:00","twitter_card":"summary_large_image","twitter_misc":{"Est. reading time":"3 minutes"},"schema":{"@context":"https:\/\/schema.org","@graph":[{"@type":"WebPage","@id":"https:\/\/2024.lodzwielukultur.pl\/polityka-prywatnosci\/","url":"https:\/\/2024.lodzwielukultur.pl\/polityka-prywatnosci\/","name":"Privacy Policy - Festiwal","isPartOf":{"@id":"https:\/\/2024.lodzwielukultur.pl\/#website"},"datePublished":"2024-06-06T21:19:47+00:00","dateModified":"2024-07-28T10:53:51+00:00","breadcrumb":{"@id":"https:\/\/2024.lodzwielukultur.pl\/polityka-prywatnosci\/#breadcrumb"},"inLanguage":"en-US","potentialAction":[{"@type":"ReadAction","target":["https:\/\/2024.lodzwielukultur.pl\/polityka-prywatnosci\/"]}]},{"@type":"BreadcrumbList","@id":"https:\/\/2024.lodzwielukultur.pl\/polityka-prywatnosci\/#breadcrumb","itemListElement":[{"@type":"ListItem","position":1,"name":"Strona g\u0142\u00f3wna","item":"https:\/\/2024.lodzwielukultur.pl\/en\/"},{"@type":"ListItem","position":2,"name":"Privacy Policy"}]},{"@type":"WebSite","@id":"https:\/\/2024.lodzwielukultur.pl\/#website","url":"https:\/\/2024.lodzwielukultur.pl\/","name":"Festiwal","description":"\u0141\u00f3d\u017a Wielu Kultur","publisher":{"@id":"https:\/\/2024.lodzwielukultur.pl\/#organization"},"potentialAction":[{"@type":"SearchAction","target":{"@type":"EntryPoint","urlTemplate":"https:\/\/2024.lodzwielukultur.pl\/?s={search_term_string}"},"query-input":{"@type":"PropertyValueSpecification","valueRequired":true,"valueName":"search_term_string"}}],"inLanguage":"en-US"},{"@type":"Organization","@id":"https:\/\/2024.lodzwielukultur.pl\/#organization","name":"Festiwal","url":"https:\/\/2024.lodzwielukultur.pl\/","logo":{"@type":"ImageObject","inLanguage":"en-US","@id":"https:\/\/2024.lodzwielukultur.pl\/#\/schema\/logo\/image\/","url":"https:\/\/2024.lodzwielukultur.pl\/wp-content\/uploads\/2024\/06\/logotype-1.svg","contentUrl":"https:\/\/2024.lodzwielukultur.pl\/wp-content\/uploads\/2024\/06\/logotype-1.svg","width":"1024","height":"1024","caption":"Festiwal"},"image":{"@id":"https:\/\/2024.lodzwielukultur.pl\/#\/schema\/logo\/image\/"}}]}},"_links":{"self":[{"href":"https:\/\/2024.lodzwielukultur.pl\/en\/wp-json\/wp\/v2\/pages\/1238","targetHints":{"allow":["GET"]}}],"collection":[{"href":"https:\/\/2024.lodzwielukultur.pl\/en\/wp-json\/wp\/v2\/pages"}],"about":[{"href":"https:\/\/2024.lodzwielukultur.pl\/en\/wp-json\/wp\/v2\/types\/page"}],"author":[{"embeddable":true,"href":"https:\/\/2024.lodzwielukultur.pl\/en\/wp-json\/wp\/v2\/users\/1"}],"replies":[{"embeddable":true,"href":"https:\/\/2024.lodzwielukultur.pl\/en\/wp-json\/wp\/v2\/comments?post=1238"}],"version-history":[{"count":2,"href":"https:\/\/2024.lodzwielukultur.pl\/en\/wp-json\/wp\/v2\/pages\/1238\/revisions"}],"predecessor-version":[{"id":1241,"href":"https:\/\/2024.lodzwielukultur.pl\/en\/wp-json\/wp\/v2\/pages\/1238\/revisions\/1241"}],"wp:attachment":[{"href":"https:\/\/2024.lodzwielukultur.pl\/en\/wp-json\/wp\/v2\/media?parent=1238"}],"curies":[{"name":"wp","href":"https:\/\/api.w.org\/{rel}","templated":true}]}}