{"id":1402,"date":"2024-08-21T12:08:23","date_gmt":"2024-08-21T10:08:23","guid":{"rendered":"https:\/\/lodzwielukultur.pl\/about-festival\/edition-2024\/"},"modified":"2025-02-24T18:07:02","modified_gmt":"2025-02-24T17:07:02","slug":"edition-2024","status":"publish","type":"page","link":"https:\/\/2024.lodzwielukultur.pl\/en\/about-festival\/edition-2024\/","title":{"rendered":"Edition 2024"},"content":{"rendered":"\n<h1 class=\"wp-block-heading\">Edition 2024 | programme tracks<\/h1>\n\n<p>To co-create this year&#8217;s edition of the Festival, we have invited artists from \u0141\u00f3d\u017a, Poland and Europe. Premiere projects for the festival audience will be prepared by, among others: Daniel Rycharski, one of the most talked-about artists of the younger generation; <a href=\"https:\/\/2024.lodzwielukultur.pl\/en\/wydarzenia\/spells-for-a-feminist-future-giuvlipen-theatre-romania\/\">Mihaela Dr<strong>\u0103<\/strong>gan<\/a>, co-founder of the first feminist Roma theatre in Romania; Krzysztof Wodiczko, a world icon of engaged art; <a href=\"https:\/\/2024.lodzwielukultur.pl\/en\/wydarzenia\/the-clinic-of-broken-heart-performance-at-the-collegium-anatomicum\/\">Victoria Myronyuk<\/a>, an experimental Ukrainian director and <a href=\"https:\/\/2024.lodzwielukultur.pl\/en\/wydarzenia\/400-m2-of-hope-a-lecture-with-theatrical-elements-by-michal-zadara\/\">Micha\u0142 Zadara<\/a>, an renowned theatre maker. An unprecedented event of the Festival will be the first monographic exhibition in Poland of <a href=\"https:\/\/2024.lodzwielukultur.pl\/en\/wydarzenia\/ceija-stojka-1933-2013-i-cant-forget\/\">Ceija Stojka<\/a>, a Romani painter and writer from Austria who died ten years ago, and a concert by <a href=\"https:\/\/2024.lodzwielukultur.pl\/en\/wydarzenia\/world-orchestra-grzech-piotrowski-we\/\">Grzech Piotrowski&#8217;s World Orchestra<\/a> for peace in the world.  <\/p>\n\n<p>On the <a href=\"https:\/\/2024.lodzwielukultur.pl\/en\/events\/\">EVENTS <\/a>subpage, we regularly announce upcoming exhibitions, concerts, performances or meetings according to six programme tracks:<\/p>\n\n<h3 class=\"wp-block-heading\">\u0141\u00f3d\u017a of All Beings<\/h3>\n\n<h3 class=\"wp-block-heading\">Romacen<\/h3>\n\n<h3 class=\"wp-block-heading\">Folk-Queer<\/h3>\n\n<h3 class=\"wp-block-heading\">Feminoculture<\/h3>\n\n<h3 class=\"wp-block-heading\">Fun<\/h3>\n\n<h3 class=\"wp-block-heading\">World of the Young<\/h3>\n\n<p><\/p>\n\n<p><\/p>\n\n<figure class=\"wp-block-gallery has-nested-images columns-default is-cropped wp-block-gallery-1 is-layout-flex wp-block-gallery-is-layout-flex\">\n<figure class=\"wp-block-image size-large\"><img loading=\"lazy\" decoding=\"async\" width=\"724\" height=\"1024\" data-id=\"2455\" src=\"https:\/\/2024.lodzwielukultur.pl\/wp-content\/uploads\/2025\/02\/01_plakat__fundusz__celowy__420x297-1-724x1024.jpg\" alt=\"\" class=\"wp-image-2455\" srcset=\"https:\/\/2024.lodzwielukultur.pl\/wp-content\/uploads\/2025\/02\/01_plakat__fundusz__celowy__420x297-1-724x1024.jpg 724w, https:\/\/2024.lodzwielukultur.pl\/wp-content\/uploads\/2025\/02\/01_plakat__fundusz__celowy__420x297-1-212x300.jpg 212w, https:\/\/2024.lodzwielukultur.pl\/wp-content\/uploads\/2025\/02\/01_plakat__fundusz__celowy__420x297-1-768x1086.jpg 768w, https:\/\/2024.lodzwielukultur.pl\/wp-content\/uploads\/2025\/02\/01_plakat__fundusz__celowy__420x297-1-640x905.jpg 640w, https:\/\/2024.lodzwielukultur.pl\/wp-content\/uploads\/2025\/02\/01_plakat__fundusz__celowy__420x297-1-580x820.jpg 580w, https:\/\/2024.lodzwielukultur.pl\/wp-content\/uploads\/2025\/02\/01_plakat__fundusz__celowy__420x297-1.jpg 842w\" sizes=\"auto, (max-width: 724px) 100vw, 724px\" \/><\/figure>\n\n\n\n<figure class=\"wp-block-image size-large\"><img loading=\"lazy\" decoding=\"async\" width=\"724\" height=\"1024\" data-id=\"2457\" src=\"https:\/\/2024.lodzwielukultur.pl\/wp-content\/uploads\/2025\/02\/02_plakat__fundusz__celowy__420x297-1-724x1024.jpg\" alt=\"\" class=\"wp-image-2457\" srcset=\"https:\/\/2024.lodzwielukultur.pl\/wp-content\/uploads\/2025\/02\/02_plakat__fundusz__celowy__420x297-1-724x1024.jpg 724w, https:\/\/2024.lodzwielukultur.pl\/wp-content\/uploads\/2025\/02\/02_plakat__fundusz__celowy__420x297-1-212x300.jpg 212w, https:\/\/2024.lodzwielukultur.pl\/wp-content\/uploads\/2025\/02\/02_plakat__fundusz__celowy__420x297-1-768x1086.jpg 768w, https:\/\/2024.lodzwielukultur.pl\/wp-content\/uploads\/2025\/02\/02_plakat__fundusz__celowy__420x297-1-640x905.jpg 640w, https:\/\/2024.lodzwielukultur.pl\/wp-content\/uploads\/2025\/02\/02_plakat__fundusz__celowy__420x297-1-580x820.jpg 580w, https:\/\/2024.lodzwielukultur.pl\/wp-content\/uploads\/2025\/02\/02_plakat__fundusz__celowy__420x297-1.jpg 842w\" sizes=\"auto, (max-width: 724px) 100vw, 724px\" \/><\/figure>\n<\/figure>\n\n<figure class=\"wp-block-gallery has-nested-images columns-default is-cropped wp-block-gallery-2 is-layout-flex wp-block-gallery-is-layout-flex\">\n<figure class=\"wp-block-image size-large\"><img loading=\"lazy\" decoding=\"async\" width=\"724\" height=\"1024\" data-id=\"2459\" src=\"https:\/\/2024.lodzwielukultur.pl\/wp-content\/uploads\/2025\/02\/03_plakat__fundusz__celowy__420x297-1-724x1024.jpg\" alt=\"\" class=\"wp-image-2459\" srcset=\"https:\/\/2024.lodzwielukultur.pl\/wp-content\/uploads\/2025\/02\/03_plakat__fundusz__celowy__420x297-1-724x1024.jpg 724w, https:\/\/2024.lodzwielukultur.pl\/wp-content\/uploads\/2025\/02\/03_plakat__fundusz__celowy__420x297-1-212x300.jpg 212w, https:\/\/2024.lodzwielukultur.pl\/wp-content\/uploads\/2025\/02\/03_plakat__fundusz__celowy__420x297-1-768x1086.jpg 768w, https:\/\/2024.lodzwielukultur.pl\/wp-content\/uploads\/2025\/02\/03_plakat__fundusz__celowy__420x297-1-640x905.jpg 640w, https:\/\/2024.lodzwielukultur.pl\/wp-content\/uploads\/2025\/02\/03_plakat__fundusz__celowy__420x297-1-580x820.jpg 580w, https:\/\/2024.lodzwielukultur.pl\/wp-content\/uploads\/2025\/02\/03_plakat__fundusz__celowy__420x297-1.jpg 842w\" sizes=\"auto, (max-width: 724px) 100vw, 724px\" \/><\/figure>\n\n\n\n<figure class=\"wp-block-image size-large\"><img loading=\"lazy\" decoding=\"async\" width=\"724\" height=\"1024\" data-id=\"2461\" src=\"https:\/\/2024.lodzwielukultur.pl\/wp-content\/uploads\/2025\/02\/04_plakat__fundusz__celowy__420x297-1-724x1024.jpg\" alt=\"\" class=\"wp-image-2461\" srcset=\"https:\/\/2024.lodzwielukultur.pl\/wp-content\/uploads\/2025\/02\/04_plakat__fundusz__celowy__420x297-1-724x1024.jpg 724w, https:\/\/2024.lodzwielukultur.pl\/wp-content\/uploads\/2025\/02\/04_plakat__fundusz__celowy__420x297-1-212x300.jpg 212w, https:\/\/2024.lodzwielukultur.pl\/wp-content\/uploads\/2025\/02\/04_plakat__fundusz__celowy__420x297-1-768x1086.jpg 768w, https:\/\/2024.lodzwielukultur.pl\/wp-content\/uploads\/2025\/02\/04_plakat__fundusz__celowy__420x297-1-640x905.jpg 640w, https:\/\/2024.lodzwielukultur.pl\/wp-content\/uploads\/2025\/02\/04_plakat__fundusz__celowy__420x297-1-580x820.jpg 580w, https:\/\/2024.lodzwielukultur.pl\/wp-content\/uploads\/2025\/02\/04_plakat__fundusz__celowy__420x297-1.jpg 842w\" sizes=\"auto, (max-width: 724px) 100vw, 724px\" \/><\/figure>\n<\/figure>\n","protected":false},"excerpt":{"rendered":"<p>Edition 2024 | programme tracks To co-create this year&#8217;s edition of the Festival, we have invited artists from \u0141\u00f3d\u017a, Poland and Europe. Premiere projects for the festival audience will be prepared by, among others: Daniel Rycharski, one of the most talked-about artists of the younger generation; Mihaela Dr\u0103gan, co-founder of the first feminist Roma theatre [&hellip;]<\/p>\n","protected":false},"author":3,"featured_media":1360,"parent":942,"menu_order":0,"comment_status":"closed","ping_status":"closed","template":"","meta":{"_acf_changed":false,"inline_featured_image":false,"footnotes":""},"class_list":["post-1402","page","type-page","status-publish","has-post-thumbnail","hentry"],"acf":[],"yoast_head":"<!-- This site is optimized with the Yoast SEO plugin v25.0 - https:\/\/yoast.com\/wordpress\/plugins\/seo\/ -->\n<title>Edition 2024 - Festiwal<\/title>\n<meta name=\"description\" content=\"The six programme tracks of this year&#039;s \u0141\u00f3d\u017a of Many Cultures Festival - 2024 edition.\" \/>\n<meta name=\"robots\" content=\"index, follow, max-snippet:-1, max-image-preview:large, max-video-preview:-1\" \/>\n<link rel=\"canonical\" href=\"https:\/\/2024.lodzwielukultur.pl\/o-festiwalu\/edycja-2024\/\" \/>\n<meta property=\"og:locale\" content=\"en_US\" \/>\n<meta property=\"og:type\" content=\"article\" \/>\n<meta property=\"og:title\" content=\"Edition 2024 - Festiwal\" \/>\n<meta property=\"og:description\" content=\"The six programme tracks of this year&#039;s \u0141\u00f3d\u017a of Many Cultures Festival - 2024 edition.\" \/>\n<meta property=\"og:url\" content=\"https:\/\/2024.lodzwielukultur.pl\/o-festiwalu\/edycja-2024\/\" \/>\n<meta property=\"og:site_name\" content=\"Festiwal\" \/>\n<meta property=\"article:modified_time\" content=\"2025-02-24T17:07:02+00:00\" \/>\n<meta property=\"og:image\" content=\"https:\/\/2024.lodzwielukultur.pl\/wp-content\/uploads\/2024\/08\/CENTRUM_FWK_FOT_HAWADSC05103.jpg\" \/>\n\t<meta property=\"og:image:width\" content=\"1200\" \/>\n\t<meta property=\"og:image:height\" content=\"800\" \/>\n\t<meta property=\"og:image:type\" content=\"image\/jpeg\" \/>\n<meta name=\"twitter:card\" content=\"summary_large_image\" \/>\n<meta name=\"twitter:label1\" content=\"Est. reading time\" \/>\n\t<meta name=\"twitter:data1\" content=\"1 minute\" \/>\n<script type=\"application\/ld+json\" class=\"yoast-schema-graph\">{\"@context\":\"https:\/\/schema.org\",\"@graph\":[{\"@type\":\"WebPage\",\"@id\":\"https:\/\/2024.lodzwielukultur.pl\/o-festiwalu\/edycja-2024\/\",\"url\":\"https:\/\/2024.lodzwielukultur.pl\/o-festiwalu\/edycja-2024\/\",\"name\":\"Edition 2024 - Festiwal\",\"isPartOf\":{\"@id\":\"https:\/\/2024.lodzwielukultur.pl\/#website\"},\"primaryImageOfPage\":{\"@id\":\"https:\/\/2024.lodzwielukultur.pl\/o-festiwalu\/edycja-2024\/#primaryimage\"},\"image\":{\"@id\":\"https:\/\/2024.lodzwielukultur.pl\/o-festiwalu\/edycja-2024\/#primaryimage\"},\"thumbnailUrl\":\"https:\/\/2024.lodzwielukultur.pl\/wp-content\/uploads\/2024\/08\/CENTRUM_FWK_FOT_HAWADSC05103.jpg\",\"datePublished\":\"2024-08-21T10:08:23+00:00\",\"dateModified\":\"2025-02-24T17:07:02+00:00\",\"description\":\"The six programme tracks of this year's \u0141\u00f3d\u017a of Many Cultures Festival - 2024 edition.\",\"breadcrumb\":{\"@id\":\"https:\/\/2024.lodzwielukultur.pl\/o-festiwalu\/edycja-2024\/#breadcrumb\"},\"inLanguage\":\"en-US\",\"potentialAction\":[{\"@type\":\"ReadAction\",\"target\":[\"https:\/\/2024.lodzwielukultur.pl\/o-festiwalu\/edycja-2024\/\"]}]},{\"@type\":\"ImageObject\",\"inLanguage\":\"en-US\",\"@id\":\"https:\/\/2024.lodzwielukultur.pl\/o-festiwalu\/edycja-2024\/#primaryimage\",\"url\":\"https:\/\/2024.lodzwielukultur.pl\/wp-content\/uploads\/2024\/08\/CENTRUM_FWK_FOT_HAWADSC05103.jpg\",\"contentUrl\":\"https:\/\/2024.lodzwielukultur.pl\/wp-content\/uploads\/2024\/08\/CENTRUM_FWK_FOT_HAWADSC05103.jpg\",\"width\":1200,\"height\":800,\"caption\":\"Ekran telewizora ze spotem reklamowym Festiwalu\"},{\"@type\":\"BreadcrumbList\",\"@id\":\"https:\/\/2024.lodzwielukultur.pl\/o-festiwalu\/edycja-2024\/#breadcrumb\",\"itemListElement\":[{\"@type\":\"ListItem\",\"position\":1,\"name\":\"Strona g\u0142\u00f3wna\",\"item\":\"https:\/\/2024.lodzwielukultur.pl\/en\/\"},{\"@type\":\"ListItem\",\"position\":2,\"name\":\"About Festival\",\"item\":\"https:\/\/2024.lodzwielukultur.pl\/o-festiwalu\/\"},{\"@type\":\"ListItem\",\"position\":3,\"name\":\"Edition 2024\"}]},{\"@type\":\"WebSite\",\"@id\":\"https:\/\/2024.lodzwielukultur.pl\/#website\",\"url\":\"https:\/\/2024.lodzwielukultur.pl\/\",\"name\":\"Festiwal\",\"description\":\"\u0141\u00f3d\u017a Wielu Kultur\",\"publisher\":{\"@id\":\"https:\/\/2024.lodzwielukultur.pl\/#organization\"},\"potentialAction\":[{\"@type\":\"SearchAction\",\"target\":{\"@type\":\"EntryPoint\",\"urlTemplate\":\"https:\/\/2024.lodzwielukultur.pl\/?s={search_term_string}\"},\"query-input\":{\"@type\":\"PropertyValueSpecification\",\"valueRequired\":true,\"valueName\":\"search_term_string\"}}],\"inLanguage\":\"en-US\"},{\"@type\":\"Organization\",\"@id\":\"https:\/\/2024.lodzwielukultur.pl\/#organization\",\"name\":\"Festiwal\",\"url\":\"https:\/\/2024.lodzwielukultur.pl\/\",\"logo\":{\"@type\":\"ImageObject\",\"inLanguage\":\"en-US\",\"@id\":\"https:\/\/2024.lodzwielukultur.pl\/#\/schema\/logo\/image\/\",\"url\":\"https:\/\/2024.lodzwielukultur.pl\/wp-content\/uploads\/2024\/06\/logotype-1.svg\",\"contentUrl\":\"https:\/\/2024.lodzwielukultur.pl\/wp-content\/uploads\/2024\/06\/logotype-1.svg\",\"width\":\"1024\",\"height\":\"1024\",\"caption\":\"Festiwal\"},\"image\":{\"@id\":\"https:\/\/2024.lodzwielukultur.pl\/#\/schema\/logo\/image\/\"}}]}<\/script>\n<!-- \/ Yoast SEO plugin. -->","yoast_head_json":{"title":"Edition 2024 - Festiwal","description":"The six programme tracks of this year's \u0141\u00f3d\u017a of Many Cultures Festival - 2024 edition.","robots":{"index":"index","follow":"follow","max-snippet":"max-snippet:-1","max-image-preview":"max-image-preview:large","max-video-preview":"max-video-preview:-1"},"canonical":"https:\/\/2024.lodzwielukultur.pl\/o-festiwalu\/edycja-2024\/","og_locale":"en_US","og_type":"article","og_title":"Edition 2024 - Festiwal","og_description":"The six programme tracks of this year's \u0141\u00f3d\u017a of Many Cultures Festival - 2024 edition.","og_url":"https:\/\/2024.lodzwielukultur.pl\/o-festiwalu\/edycja-2024\/","og_site_name":"Festiwal","article_modified_time":"2025-02-24T17:07:02+00:00","og_image":[{"width":1200,"height":800,"url":"https:\/\/2024.lodzwielukultur.pl\/wp-content\/uploads\/2024\/08\/CENTRUM_FWK_FOT_HAWADSC05103.jpg","type":"image\/jpeg"}],"twitter_card":"summary_large_image","twitter_misc":{"Est. reading time":"1 minute"},"schema":{"@context":"https:\/\/schema.org","@graph":[{"@type":"WebPage","@id":"https:\/\/2024.lodzwielukultur.pl\/o-festiwalu\/edycja-2024\/","url":"https:\/\/2024.lodzwielukultur.pl\/o-festiwalu\/edycja-2024\/","name":"Edition 2024 - Festiwal","isPartOf":{"@id":"https:\/\/2024.lodzwielukultur.pl\/#website"},"primaryImageOfPage":{"@id":"https:\/\/2024.lodzwielukultur.pl\/o-festiwalu\/edycja-2024\/#primaryimage"},"image":{"@id":"https:\/\/2024.lodzwielukultur.pl\/o-festiwalu\/edycja-2024\/#primaryimage"},"thumbnailUrl":"https:\/\/2024.lodzwielukultur.pl\/wp-content\/uploads\/2024\/08\/CENTRUM_FWK_FOT_HAWADSC05103.jpg","datePublished":"2024-08-21T10:08:23+00:00","dateModified":"2025-02-24T17:07:02+00:00","description":"The six programme tracks of this year's \u0141\u00f3d\u017a of Many Cultures Festival - 2024 edition.","breadcrumb":{"@id":"https:\/\/2024.lodzwielukultur.pl\/o-festiwalu\/edycja-2024\/#breadcrumb"},"inLanguage":"en-US","potentialAction":[{"@type":"ReadAction","target":["https:\/\/2024.lodzwielukultur.pl\/o-festiwalu\/edycja-2024\/"]}]},{"@type":"ImageObject","inLanguage":"en-US","@id":"https:\/\/2024.lodzwielukultur.pl\/o-festiwalu\/edycja-2024\/#primaryimage","url":"https:\/\/2024.lodzwielukultur.pl\/wp-content\/uploads\/2024\/08\/CENTRUM_FWK_FOT_HAWADSC05103.jpg","contentUrl":"https:\/\/2024.lodzwielukultur.pl\/wp-content\/uploads\/2024\/08\/CENTRUM_FWK_FOT_HAWADSC05103.jpg","width":1200,"height":800,"caption":"Ekran telewizora ze spotem reklamowym Festiwalu"},{"@type":"BreadcrumbList","@id":"https:\/\/2024.lodzwielukultur.pl\/o-festiwalu\/edycja-2024\/#breadcrumb","itemListElement":[{"@type":"ListItem","position":1,"name":"Strona g\u0142\u00f3wna","item":"https:\/\/2024.lodzwielukultur.pl\/en\/"},{"@type":"ListItem","position":2,"name":"About Festival","item":"https:\/\/2024.lodzwielukultur.pl\/o-festiwalu\/"},{"@type":"ListItem","position":3,"name":"Edition 2024"}]},{"@type":"WebSite","@id":"https:\/\/2024.lodzwielukultur.pl\/#website","url":"https:\/\/2024.lodzwielukultur.pl\/","name":"Festiwal","description":"\u0141\u00f3d\u017a Wielu Kultur","publisher":{"@id":"https:\/\/2024.lodzwielukultur.pl\/#organization"},"potentialAction":[{"@type":"SearchAction","target":{"@type":"EntryPoint","urlTemplate":"https:\/\/2024.lodzwielukultur.pl\/?s={search_term_string}"},"query-input":{"@type":"PropertyValueSpecification","valueRequired":true,"valueName":"search_term_string"}}],"inLanguage":"en-US"},{"@type":"Organization","@id":"https:\/\/2024.lodzwielukultur.pl\/#organization","name":"Festiwal","url":"https:\/\/2024.lodzwielukultur.pl\/","logo":{"@type":"ImageObject","inLanguage":"en-US","@id":"https:\/\/2024.lodzwielukultur.pl\/#\/schema\/logo\/image\/","url":"https:\/\/2024.lodzwielukultur.pl\/wp-content\/uploads\/2024\/06\/logotype-1.svg","contentUrl":"https:\/\/2024.lodzwielukultur.pl\/wp-content\/uploads\/2024\/06\/logotype-1.svg","width":"1024","height":"1024","caption":"Festiwal"},"image":{"@id":"https:\/\/2024.lodzwielukultur.pl\/#\/schema\/logo\/image\/"}}]}},"_links":{"self":[{"href":"https:\/\/2024.lodzwielukultur.pl\/en\/wp-json\/wp\/v2\/pages\/1402","targetHints":{"allow":["GET"]}}],"collection":[{"href":"https:\/\/2024.lodzwielukultur.pl\/en\/wp-json\/wp\/v2\/pages"}],"about":[{"href":"https:\/\/2024.lodzwielukultur.pl\/en\/wp-json\/wp\/v2\/types\/page"}],"author":[{"embeddable":true,"href":"https:\/\/2024.lodzwielukultur.pl\/en\/wp-json\/wp\/v2\/users\/3"}],"replies":[{"embeddable":true,"href":"https:\/\/2024.lodzwielukultur.pl\/en\/wp-json\/wp\/v2\/comments?post=1402"}],"version-history":[{"count":5,"href":"https:\/\/2024.lodzwielukultur.pl\/en\/wp-json\/wp\/v2\/pages\/1402\/revisions"}],"predecessor-version":[{"id":2468,"href":"https:\/\/2024.lodzwielukultur.pl\/en\/wp-json\/wp\/v2\/pages\/1402\/revisions\/2468"}],"up":[{"embeddable":true,"href":"https:\/\/2024.lodzwielukultur.pl\/en\/wp-json\/wp\/v2\/pages\/942"}],"wp:featuredmedia":[{"embeddable":true,"href":"https:\/\/2024.lodzwielukultur.pl\/en\/wp-json\/wp\/v2\/media\/1360"}],"wp:attachment":[{"href":"https:\/\/2024.lodzwielukultur.pl\/en\/wp-json\/wp\/v2\/media?parent=1402"}],"curies":[{"name":"wp","href":"https:\/\/api.w.org\/{rel}","templated":true}]}}