{"id":917,"date":"2024-06-18T01:20:14","date_gmt":"2024-06-17T23:20:14","guid":{"rendered":"https:\/\/lodzwielukultur.pl\/open-call\/"},"modified":"2024-11-14T11:36:50","modified_gmt":"2024-11-14T10:36:50","slug":"open-call","status":"publish","type":"page","link":"https:\/\/2024.lodzwielukultur.pl\/en\/about-festival\/open-call\/","title":{"rendered":"Open Call"},"content":{"rendered":"\n<h1 class=\"wp-block-heading\">OPEN CALL<\/h1>\n\n<p><strong>UPDATE<\/strong>:<\/p>\n\n<p>At the end of October, we closed the call for applications for the \u0141\u00f3d\u017a of Many Cultures Festival: <strong>Research and Artistic Residencies 2024\/2025 &#8211; The Multiculturalism of \u0141\u00f3d\u017a: Expanding the Field.<\/strong> They are currently being verified. We will get back to the creative people qualified for the next stage in the near future. We plan to announce the results of OPEN CALLA by the end of the year.   <\/p>\n\n<hr class=\"wp-block-separator has-alpha-channel-opacity\"\/>\n\n<p>The \u0141\u00f3d\u017a of Many Cultures Festival and The Marek Edelman Dialogue Center in \u0141\u00f3d\u017a invite you to participate in the Artistic Residencies 2024\/2025 \u2013 <strong>Broadening the Field of View. <\/strong><\/p>\n\n<p>Established in 2002, the Dialogue of Four Cultures Festival (later \u2013 \u0141\u00f3d\u017a 4 Cultures Festival) based its program on the multicultural history of \u0141\u00f3d\u017a, with multiculturalism defined primarily by ethnicity, national and religious identity. Twenty-two years after the first edition of the event, we see the need to redefine it, while not cutting ourselves off from the roots that are embedded in the fabric of Lodz &#8211; a city with a unique history and, at the same time, a city embedded in a world that is undergoing increasingly rapid change. The changing world is followed by a change in the definition of the term &#8220;culture,&#8221; which is expanding its field. This translates into the co-creation of more and more new communities and the transformation of those that exist: human, non-human and interspecies growing out of diverse statuses, experiences and identities. <\/p>\n\n<p>The history and memory of the city are the cornerstone of the festival, but today we want the present and the hope-filled vision of the future to resound powerfully as well. We need this especially now &#8211; shortly after the pandemic; at a time when wars are being waged across our eastern border and elsewhere in the world; when we are concerned about the ecological well-being of our planet and still need to demand basic rights for minorities. <\/p>\n\n<p>To participate in the residency, we invite creative individuals who see in Lodz the potential for creating a narrative of multiculturalism, for which various artistic practices (e.g., performative, visual, musical, social, literary and interdisciplinary) can be the medium. <\/p>\n\n<p>We are open to diverse proposals that may include the following themes and topics, with \u0141\u00f3d\u017a as the reference point:<\/p>\n\n<p>&#8211; diversity;<br\/>&#8211; history-memory-present-future;<br\/>&#8211; prototyping\/fantasizing the future;<br\/>&#8211; rights of human and non-human beings;<br\/>&#8211; safe space.<\/p>\n\n<p>The residency consists of two stages of work:<\/p>\n\n<p>&#8211; the research and concept stage, during which creative people will be able to refine their concept;<br\/>&#8211; the production stage.<\/p>\n\n<p>The resident will be supported by the festival team at the curatorial, research, technical, and organizational levels. <\/p>\n\n<p>For more information: m.ptasi\u0144ska@centrumdialogu.com<\/p>\n\n<ul class=\"wp-block-list\">\n<li><a href=\"http:\/\/2024.lodzwielukultur.pl\/downloads\/Regulamin.pdf\" data-type=\"link\" data-id=\"http:\/\/2024.lodzwielukultur.pl\/downloads\/Regulamin.pdf\">TERMS AND CONDITIONS<\/a><\/li>\n\n\n\n<li><a href=\"https:\/\/2024.lodzwielukultur.pl\/downloads\/Karta-zgloszeniowa.docx\" data-type=\"link\" data-id=\"http:\/\/2024.lodzwielukultur.pl\/downloads\/Karta-zgloszeniowa.pdf\">APPLICATION FORM<\/a><\/li>\n\n\n\n<li><a href=\"http:\/\/2024.lodzwielukultur.pl\/downloads\/Oswiadczenie.pdf\" data-type=\"link\" data-id=\"http:\/\/2024.lodzwielukultur.pl\/downloads\/Oswiadczenie.pdf\">STATEMENT<\/a><\/li>\n<\/ul>\n","protected":false},"excerpt":{"rendered":"<p>OPEN CALL UPDATE: At the end of October, we closed the call for applications for the \u0141\u00f3d\u017a of Many Cultures Festival: Research and Artistic Residencies 2024\/2025 &#8211; The Multiculturalism of \u0141\u00f3d\u017a: Expanding the Field. They are currently being verified. We will get back to the creative people qualified for the next stage in the near [&hellip;]<\/p>\n","protected":false},"author":1,"featured_media":711,"parent":942,"menu_order":0,"comment_status":"closed","ping_status":"closed","template":"","meta":{"_acf_changed":false,"inline_featured_image":false,"footnotes":""},"class_list":["post-917","page","type-page","status-publish","has-post-thumbnail","hentry"],"acf":[],"yoast_head":"<!-- This site is optimized with the Yoast SEO plugin v25.0 - https:\/\/yoast.com\/wordpress\/plugins\/seo\/ -->\n<title>Open Call - Festiwal<\/title>\n<meta name=\"description\" content=\"The \u0141\u00f3d\u017a of Many Cultures Festival announces an open call for a research and artist residency 2024\/2025: Multiculturalism of \u0141\u00f3d\u017a: widening the field\" \/>\n<meta name=\"robots\" content=\"index, follow, max-snippet:-1, max-image-preview:large, max-video-preview:-1\" \/>\n<link rel=\"canonical\" href=\"https:\/\/2024.lodzwielukultur.pl\/o-festiwalu\/open-call\/\" \/>\n<meta property=\"og:locale\" content=\"en_US\" \/>\n<meta property=\"og:type\" content=\"article\" \/>\n<meta property=\"og:title\" content=\"Open Call - Festiwal\" \/>\n<meta property=\"og:description\" content=\"The \u0141\u00f3d\u017a of Many Cultures Festival announces an open call for a research and artist residency 2024\/2025: Multiculturalism of \u0141\u00f3d\u017a: widening the field\" \/>\n<meta property=\"og:url\" content=\"https:\/\/2024.lodzwielukultur.pl\/o-festiwalu\/open-call\/\" \/>\n<meta property=\"og:site_name\" content=\"Festiwal\" \/>\n<meta property=\"article:modified_time\" content=\"2024-11-14T10:36:50+00:00\" \/>\n<meta property=\"og:image\" content=\"https:\/\/2024.lodzwielukultur.pl\/wp-content\/uploads\/2024\/06\/L4K_OKNO_FOTO_HaWa_DSC06066.jpg\" \/>\n\t<meta property=\"og:image:width\" content=\"1200\" \/>\n\t<meta property=\"og:image:height\" content=\"800\" \/>\n\t<meta property=\"og:image:type\" content=\"image\/jpeg\" \/>\n<meta name=\"twitter:card\" content=\"summary_large_image\" \/>\n<meta name=\"twitter:label1\" content=\"Est. reading time\" \/>\n\t<meta name=\"twitter:data1\" content=\"2 minutes\" \/>\n<script type=\"application\/ld+json\" class=\"yoast-schema-graph\">{\"@context\":\"https:\/\/schema.org\",\"@graph\":[{\"@type\":\"WebPage\",\"@id\":\"https:\/\/2024.lodzwielukultur.pl\/o-festiwalu\/open-call\/\",\"url\":\"https:\/\/2024.lodzwielukultur.pl\/o-festiwalu\/open-call\/\",\"name\":\"Open Call - Festiwal\",\"isPartOf\":{\"@id\":\"https:\/\/2024.lodzwielukultur.pl\/#website\"},\"primaryImageOfPage\":{\"@id\":\"https:\/\/2024.lodzwielukultur.pl\/o-festiwalu\/open-call\/#primaryimage\"},\"image\":{\"@id\":\"https:\/\/2024.lodzwielukultur.pl\/o-festiwalu\/open-call\/#primaryimage\"},\"thumbnailUrl\":\"https:\/\/2024.lodzwielukultur.pl\/wp-content\/uploads\/2024\/06\/L4K_OKNO_FOTO_HaWa_DSC06066.jpg\",\"datePublished\":\"2024-06-17T23:20:14+00:00\",\"dateModified\":\"2024-11-14T10:36:50+00:00\",\"description\":\"The \u0141\u00f3d\u017a of Many Cultures Festival announces an open call for a research and artist residency 2024\/2025: Multiculturalism of \u0141\u00f3d\u017a: widening the field\",\"breadcrumb\":{\"@id\":\"https:\/\/2024.lodzwielukultur.pl\/o-festiwalu\/open-call\/#breadcrumb\"},\"inLanguage\":\"en-US\",\"potentialAction\":[{\"@type\":\"ReadAction\",\"target\":[\"https:\/\/2024.lodzwielukultur.pl\/o-festiwalu\/open-call\/\"]}]},{\"@type\":\"ImageObject\",\"inLanguage\":\"en-US\",\"@id\":\"https:\/\/2024.lodzwielukultur.pl\/o-festiwalu\/open-call\/#primaryimage\",\"url\":\"https:\/\/2024.lodzwielukultur.pl\/wp-content\/uploads\/2024\/06\/L4K_OKNO_FOTO_HaWa_DSC06066.jpg\",\"contentUrl\":\"https:\/\/2024.lodzwielukultur.pl\/wp-content\/uploads\/2024\/06\/L4K_OKNO_FOTO_HaWa_DSC06066.jpg\",\"width\":1200,\"height\":800},{\"@type\":\"BreadcrumbList\",\"@id\":\"https:\/\/2024.lodzwielukultur.pl\/o-festiwalu\/open-call\/#breadcrumb\",\"itemListElement\":[{\"@type\":\"ListItem\",\"position\":1,\"name\":\"Strona g\u0142\u00f3wna\",\"item\":\"https:\/\/2024.lodzwielukultur.pl\/en\/\"},{\"@type\":\"ListItem\",\"position\":2,\"name\":\"About Festival\",\"item\":\"https:\/\/2024.lodzwielukultur.pl\/o-festiwalu\/\"},{\"@type\":\"ListItem\",\"position\":3,\"name\":\"Open Call\"}]},{\"@type\":\"WebSite\",\"@id\":\"https:\/\/2024.lodzwielukultur.pl\/#website\",\"url\":\"https:\/\/2024.lodzwielukultur.pl\/\",\"name\":\"Festiwal\",\"description\":\"\u0141\u00f3d\u017a Wielu Kultur\",\"publisher\":{\"@id\":\"https:\/\/2024.lodzwielukultur.pl\/#organization\"},\"potentialAction\":[{\"@type\":\"SearchAction\",\"target\":{\"@type\":\"EntryPoint\",\"urlTemplate\":\"https:\/\/2024.lodzwielukultur.pl\/?s={search_term_string}\"},\"query-input\":{\"@type\":\"PropertyValueSpecification\",\"valueRequired\":true,\"valueName\":\"search_term_string\"}}],\"inLanguage\":\"en-US\"},{\"@type\":\"Organization\",\"@id\":\"https:\/\/2024.lodzwielukultur.pl\/#organization\",\"name\":\"Festiwal\",\"url\":\"https:\/\/2024.lodzwielukultur.pl\/\",\"logo\":{\"@type\":\"ImageObject\",\"inLanguage\":\"en-US\",\"@id\":\"https:\/\/2024.lodzwielukultur.pl\/#\/schema\/logo\/image\/\",\"url\":\"https:\/\/2024.lodzwielukultur.pl\/wp-content\/uploads\/2024\/06\/logotype-1.svg\",\"contentUrl\":\"https:\/\/2024.lodzwielukultur.pl\/wp-content\/uploads\/2024\/06\/logotype-1.svg\",\"width\":\"1024\",\"height\":\"1024\",\"caption\":\"Festiwal\"},\"image\":{\"@id\":\"https:\/\/2024.lodzwielukultur.pl\/#\/schema\/logo\/image\/\"}}]}<\/script>\n<!-- \/ Yoast SEO plugin. -->","yoast_head_json":{"title":"Open Call - Festiwal","description":"The \u0141\u00f3d\u017a of Many Cultures Festival announces an open call for a research and artist residency 2024\/2025: Multiculturalism of \u0141\u00f3d\u017a: widening the field","robots":{"index":"index","follow":"follow","max-snippet":"max-snippet:-1","max-image-preview":"max-image-preview:large","max-video-preview":"max-video-preview:-1"},"canonical":"https:\/\/2024.lodzwielukultur.pl\/o-festiwalu\/open-call\/","og_locale":"en_US","og_type":"article","og_title":"Open Call - Festiwal","og_description":"The \u0141\u00f3d\u017a of Many Cultures Festival announces an open call for a research and artist residency 2024\/2025: Multiculturalism of \u0141\u00f3d\u017a: widening the field","og_url":"https:\/\/2024.lodzwielukultur.pl\/o-festiwalu\/open-call\/","og_site_name":"Festiwal","article_modified_time":"2024-11-14T10:36:50+00:00","og_image":[{"width":1200,"height":800,"url":"https:\/\/2024.lodzwielukultur.pl\/wp-content\/uploads\/2024\/06\/L4K_OKNO_FOTO_HaWa_DSC06066.jpg","type":"image\/jpeg"}],"twitter_card":"summary_large_image","twitter_misc":{"Est. reading time":"2 minutes"},"schema":{"@context":"https:\/\/schema.org","@graph":[{"@type":"WebPage","@id":"https:\/\/2024.lodzwielukultur.pl\/o-festiwalu\/open-call\/","url":"https:\/\/2024.lodzwielukultur.pl\/o-festiwalu\/open-call\/","name":"Open Call - Festiwal","isPartOf":{"@id":"https:\/\/2024.lodzwielukultur.pl\/#website"},"primaryImageOfPage":{"@id":"https:\/\/2024.lodzwielukultur.pl\/o-festiwalu\/open-call\/#primaryimage"},"image":{"@id":"https:\/\/2024.lodzwielukultur.pl\/o-festiwalu\/open-call\/#primaryimage"},"thumbnailUrl":"https:\/\/2024.lodzwielukultur.pl\/wp-content\/uploads\/2024\/06\/L4K_OKNO_FOTO_HaWa_DSC06066.jpg","datePublished":"2024-06-17T23:20:14+00:00","dateModified":"2024-11-14T10:36:50+00:00","description":"The \u0141\u00f3d\u017a of Many Cultures Festival announces an open call for a research and artist residency 2024\/2025: Multiculturalism of \u0141\u00f3d\u017a: widening the field","breadcrumb":{"@id":"https:\/\/2024.lodzwielukultur.pl\/o-festiwalu\/open-call\/#breadcrumb"},"inLanguage":"en-US","potentialAction":[{"@type":"ReadAction","target":["https:\/\/2024.lodzwielukultur.pl\/o-festiwalu\/open-call\/"]}]},{"@type":"ImageObject","inLanguage":"en-US","@id":"https:\/\/2024.lodzwielukultur.pl\/o-festiwalu\/open-call\/#primaryimage","url":"https:\/\/2024.lodzwielukultur.pl\/wp-content\/uploads\/2024\/06\/L4K_OKNO_FOTO_HaWa_DSC06066.jpg","contentUrl":"https:\/\/2024.lodzwielukultur.pl\/wp-content\/uploads\/2024\/06\/L4K_OKNO_FOTO_HaWa_DSC06066.jpg","width":1200,"height":800},{"@type":"BreadcrumbList","@id":"https:\/\/2024.lodzwielukultur.pl\/o-festiwalu\/open-call\/#breadcrumb","itemListElement":[{"@type":"ListItem","position":1,"name":"Strona g\u0142\u00f3wna","item":"https:\/\/2024.lodzwielukultur.pl\/en\/"},{"@type":"ListItem","position":2,"name":"About Festival","item":"https:\/\/2024.lodzwielukultur.pl\/o-festiwalu\/"},{"@type":"ListItem","position":3,"name":"Open Call"}]},{"@type":"WebSite","@id":"https:\/\/2024.lodzwielukultur.pl\/#website","url":"https:\/\/2024.lodzwielukultur.pl\/","name":"Festiwal","description":"\u0141\u00f3d\u017a Wielu Kultur","publisher":{"@id":"https:\/\/2024.lodzwielukultur.pl\/#organization"},"potentialAction":[{"@type":"SearchAction","target":{"@type":"EntryPoint","urlTemplate":"https:\/\/2024.lodzwielukultur.pl\/?s={search_term_string}"},"query-input":{"@type":"PropertyValueSpecification","valueRequired":true,"valueName":"search_term_string"}}],"inLanguage":"en-US"},{"@type":"Organization","@id":"https:\/\/2024.lodzwielukultur.pl\/#organization","name":"Festiwal","url":"https:\/\/2024.lodzwielukultur.pl\/","logo":{"@type":"ImageObject","inLanguage":"en-US","@id":"https:\/\/2024.lodzwielukultur.pl\/#\/schema\/logo\/image\/","url":"https:\/\/2024.lodzwielukultur.pl\/wp-content\/uploads\/2024\/06\/logotype-1.svg","contentUrl":"https:\/\/2024.lodzwielukultur.pl\/wp-content\/uploads\/2024\/06\/logotype-1.svg","width":"1024","height":"1024","caption":"Festiwal"},"image":{"@id":"https:\/\/2024.lodzwielukultur.pl\/#\/schema\/logo\/image\/"}}]}},"_links":{"self":[{"href":"https:\/\/2024.lodzwielukultur.pl\/en\/wp-json\/wp\/v2\/pages\/917","targetHints":{"allow":["GET"]}}],"collection":[{"href":"https:\/\/2024.lodzwielukultur.pl\/en\/wp-json\/wp\/v2\/pages"}],"about":[{"href":"https:\/\/2024.lodzwielukultur.pl\/en\/wp-json\/wp\/v2\/types\/page"}],"author":[{"embeddable":true,"href":"https:\/\/2024.lodzwielukultur.pl\/en\/wp-json\/wp\/v2\/users\/1"}],"replies":[{"embeddable":true,"href":"https:\/\/2024.lodzwielukultur.pl\/en\/wp-json\/wp\/v2\/comments?post=917"}],"version-history":[{"count":7,"href":"https:\/\/2024.lodzwielukultur.pl\/en\/wp-json\/wp\/v2\/pages\/917\/revisions"}],"predecessor-version":[{"id":2369,"href":"https:\/\/2024.lodzwielukultur.pl\/en\/wp-json\/wp\/v2\/pages\/917\/revisions\/2369"}],"up":[{"embeddable":true,"href":"https:\/\/2024.lodzwielukultur.pl\/en\/wp-json\/wp\/v2\/pages\/942"}],"wp:featuredmedia":[{"embeddable":true,"href":"https:\/\/2024.lodzwielukultur.pl\/en\/wp-json\/wp\/v2\/media\/711"}],"wp:attachment":[{"href":"https:\/\/2024.lodzwielukultur.pl\/en\/wp-json\/wp\/v2\/media?parent=917"}],"curies":[{"name":"wp","href":"https:\/\/api.w.org\/{rel}","templated":true}]}}