{"id":939,"date":"2024-06-15T01:15:28","date_gmt":"2024-06-14T23:15:28","guid":{"rendered":"https:\/\/lodzwielukultur.pl\/media\/"},"modified":"2024-07-17T10:27:56","modified_gmt":"2024-07-17T08:27:56","slug":"media","status":"publish","type":"page","link":"https:\/\/2024.lodzwielukultur.pl\/en\/media\/","title":{"rendered":"Media"},"content":{"rendered":"\n<h2 class=\"wp-block-heading\">Media contact:<\/h2>\n\n\n\n<p><a href=\"mailto:festiwal@centrumdialogu.com\">festiwal@centrumdialogu.com<\/a><br><br>tel. +48 790208934<\/p>\n","protected":false},"excerpt":{"rendered":"<p>Media contact: festiwal@centrumdialogu.com tel. +48 790208934<\/p>\n","protected":false},"author":1,"featured_media":1243,"parent":0,"menu_order":0,"comment_status":"closed","ping_status":"closed","template":"page-media.php","meta":{"_acf_changed":false,"inline_featured_image":false,"footnotes":""},"class_list":["post-939","page","type-page","status-publish","has-post-thumbnail","hentry"],"acf":[],"yoast_head":"<!-- This site is optimized with the Yoast SEO plugin v25.0 - https:\/\/yoast.com\/wordpress\/plugins\/seo\/ -->\n<title>Media - Festiwal<\/title>\n<meta name=\"robots\" content=\"index, follow, max-snippet:-1, max-image-preview:large, max-video-preview:-1\" \/>\n<link rel=\"canonical\" href=\"https:\/\/2024.lodzwielukultur.pl\/dla_mediow\/\" \/>\n<meta property=\"og:locale\" content=\"en_US\" \/>\n<meta property=\"og:type\" content=\"article\" \/>\n<meta property=\"og:title\" content=\"Media - Festiwal\" \/>\n<meta property=\"og:description\" content=\"Media contact: festiwal@centrumdialogu.com tel. +48 790208934\" \/>\n<meta property=\"og:url\" content=\"https:\/\/2024.lodzwielukultur.pl\/dla_mediow\/\" \/>\n<meta property=\"og:site_name\" content=\"Festiwal\" \/>\n<meta property=\"article:modified_time\" content=\"2024-07-17T08:27:56+00:00\" \/>\n<meta property=\"og:image\" content=\"https:\/\/2024.lodzwielukultur.pl\/wp-content\/uploads\/2024\/07\/konferencja.jpg\" \/>\n\t<meta property=\"og:image:width\" content=\"1200\" \/>\n\t<meta property=\"og:image:height\" content=\"800\" \/>\n\t<meta property=\"og:image:type\" content=\"image\/jpeg\" \/>\n<meta name=\"twitter:card\" content=\"summary_large_image\" \/>\n<script type=\"application\/ld+json\" class=\"yoast-schema-graph\">{\"@context\":\"https:\/\/schema.org\",\"@graph\":[{\"@type\":\"WebPage\",\"@id\":\"https:\/\/2024.lodzwielukultur.pl\/dla_mediow\/\",\"url\":\"https:\/\/2024.lodzwielukultur.pl\/dla_mediow\/\",\"name\":\"Media - Festiwal\",\"isPartOf\":{\"@id\":\"https:\/\/2024.lodzwielukultur.pl\/#website\"},\"primaryImageOfPage\":{\"@id\":\"https:\/\/2024.lodzwielukultur.pl\/dla_mediow\/#primaryimage\"},\"image\":{\"@id\":\"https:\/\/2024.lodzwielukultur.pl\/dla_mediow\/#primaryimage\"},\"thumbnailUrl\":\"https:\/\/2024.lodzwielukultur.pl\/wp-content\/uploads\/2024\/07\/konferencja.jpg\",\"datePublished\":\"2024-06-14T23:15:28+00:00\",\"dateModified\":\"2024-07-17T08:27:56+00:00\",\"breadcrumb\":{\"@id\":\"https:\/\/2024.lodzwielukultur.pl\/dla_mediow\/#breadcrumb\"},\"inLanguage\":\"en-US\",\"potentialAction\":[{\"@type\":\"ReadAction\",\"target\":[\"https:\/\/2024.lodzwielukultur.pl\/dla_mediow\/\"]}]},{\"@type\":\"ImageObject\",\"inLanguage\":\"en-US\",\"@id\":\"https:\/\/2024.lodzwielukultur.pl\/dla_mediow\/#primaryimage\",\"url\":\"https:\/\/2024.lodzwielukultur.pl\/wp-content\/uploads\/2024\/07\/konferencja.jpg\",\"contentUrl\":\"https:\/\/2024.lodzwielukultur.pl\/wp-content\/uploads\/2024\/07\/konferencja.jpg\",\"width\":1200,\"height\":800,\"caption\":\"Konferencja festiwalu\"},{\"@type\":\"BreadcrumbList\",\"@id\":\"https:\/\/2024.lodzwielukultur.pl\/dla_mediow\/#breadcrumb\",\"itemListElement\":[{\"@type\":\"ListItem\",\"position\":1,\"name\":\"Strona g\u0142\u00f3wna\",\"item\":\"https:\/\/2024.lodzwielukultur.pl\/en\/\"},{\"@type\":\"ListItem\",\"position\":2,\"name\":\"Media\"}]},{\"@type\":\"WebSite\",\"@id\":\"https:\/\/2024.lodzwielukultur.pl\/#website\",\"url\":\"https:\/\/2024.lodzwielukultur.pl\/\",\"name\":\"Festiwal\",\"description\":\"\u0141\u00f3d\u017a Wielu Kultur\",\"publisher\":{\"@id\":\"https:\/\/2024.lodzwielukultur.pl\/#organization\"},\"potentialAction\":[{\"@type\":\"SearchAction\",\"target\":{\"@type\":\"EntryPoint\",\"urlTemplate\":\"https:\/\/2024.lodzwielukultur.pl\/?s={search_term_string}\"},\"query-input\":{\"@type\":\"PropertyValueSpecification\",\"valueRequired\":true,\"valueName\":\"search_term_string\"}}],\"inLanguage\":\"en-US\"},{\"@type\":\"Organization\",\"@id\":\"https:\/\/2024.lodzwielukultur.pl\/#organization\",\"name\":\"Festiwal\",\"url\":\"https:\/\/2024.lodzwielukultur.pl\/\",\"logo\":{\"@type\":\"ImageObject\",\"inLanguage\":\"en-US\",\"@id\":\"https:\/\/2024.lodzwielukultur.pl\/#\/schema\/logo\/image\/\",\"url\":\"https:\/\/2024.lodzwielukultur.pl\/wp-content\/uploads\/2024\/06\/logotype-1.svg\",\"contentUrl\":\"https:\/\/2024.lodzwielukultur.pl\/wp-content\/uploads\/2024\/06\/logotype-1.svg\",\"width\":\"1024\",\"height\":\"1024\",\"caption\":\"Festiwal\"},\"image\":{\"@id\":\"https:\/\/2024.lodzwielukultur.pl\/#\/schema\/logo\/image\/\"}}]}<\/script>\n<!-- \/ Yoast SEO plugin. -->","yoast_head_json":{"title":"Media - Festiwal","robots":{"index":"index","follow":"follow","max-snippet":"max-snippet:-1","max-image-preview":"max-image-preview:large","max-video-preview":"max-video-preview:-1"},"canonical":"https:\/\/2024.lodzwielukultur.pl\/dla_mediow\/","og_locale":"en_US","og_type":"article","og_title":"Media - Festiwal","og_description":"Media contact: festiwal@centrumdialogu.com tel. +48 790208934","og_url":"https:\/\/2024.lodzwielukultur.pl\/dla_mediow\/","og_site_name":"Festiwal","article_modified_time":"2024-07-17T08:27:56+00:00","og_image":[{"width":1200,"height":800,"url":"https:\/\/2024.lodzwielukultur.pl\/wp-content\/uploads\/2024\/07\/konferencja.jpg","type":"image\/jpeg"}],"twitter_card":"summary_large_image","schema":{"@context":"https:\/\/schema.org","@graph":[{"@type":"WebPage","@id":"https:\/\/2024.lodzwielukultur.pl\/dla_mediow\/","url":"https:\/\/2024.lodzwielukultur.pl\/dla_mediow\/","name":"Media - Festiwal","isPartOf":{"@id":"https:\/\/2024.lodzwielukultur.pl\/#website"},"primaryImageOfPage":{"@id":"https:\/\/2024.lodzwielukultur.pl\/dla_mediow\/#primaryimage"},"image":{"@id":"https:\/\/2024.lodzwielukultur.pl\/dla_mediow\/#primaryimage"},"thumbnailUrl":"https:\/\/2024.lodzwielukultur.pl\/wp-content\/uploads\/2024\/07\/konferencja.jpg","datePublished":"2024-06-14T23:15:28+00:00","dateModified":"2024-07-17T08:27:56+00:00","breadcrumb":{"@id":"https:\/\/2024.lodzwielukultur.pl\/dla_mediow\/#breadcrumb"},"inLanguage":"en-US","potentialAction":[{"@type":"ReadAction","target":["https:\/\/2024.lodzwielukultur.pl\/dla_mediow\/"]}]},{"@type":"ImageObject","inLanguage":"en-US","@id":"https:\/\/2024.lodzwielukultur.pl\/dla_mediow\/#primaryimage","url":"https:\/\/2024.lodzwielukultur.pl\/wp-content\/uploads\/2024\/07\/konferencja.jpg","contentUrl":"https:\/\/2024.lodzwielukultur.pl\/wp-content\/uploads\/2024\/07\/konferencja.jpg","width":1200,"height":800,"caption":"Konferencja festiwalu"},{"@type":"BreadcrumbList","@id":"https:\/\/2024.lodzwielukultur.pl\/dla_mediow\/#breadcrumb","itemListElement":[{"@type":"ListItem","position":1,"name":"Strona g\u0142\u00f3wna","item":"https:\/\/2024.lodzwielukultur.pl\/en\/"},{"@type":"ListItem","position":2,"name":"Media"}]},{"@type":"WebSite","@id":"https:\/\/2024.lodzwielukultur.pl\/#website","url":"https:\/\/2024.lodzwielukultur.pl\/","name":"Festiwal","description":"\u0141\u00f3d\u017a Wielu Kultur","publisher":{"@id":"https:\/\/2024.lodzwielukultur.pl\/#organization"},"potentialAction":[{"@type":"SearchAction","target":{"@type":"EntryPoint","urlTemplate":"https:\/\/2024.lodzwielukultur.pl\/?s={search_term_string}"},"query-input":{"@type":"PropertyValueSpecification","valueRequired":true,"valueName":"search_term_string"}}],"inLanguage":"en-US"},{"@type":"Organization","@id":"https:\/\/2024.lodzwielukultur.pl\/#organization","name":"Festiwal","url":"https:\/\/2024.lodzwielukultur.pl\/","logo":{"@type":"ImageObject","inLanguage":"en-US","@id":"https:\/\/2024.lodzwielukultur.pl\/#\/schema\/logo\/image\/","url":"https:\/\/2024.lodzwielukultur.pl\/wp-content\/uploads\/2024\/06\/logotype-1.svg","contentUrl":"https:\/\/2024.lodzwielukultur.pl\/wp-content\/uploads\/2024\/06\/logotype-1.svg","width":"1024","height":"1024","caption":"Festiwal"},"image":{"@id":"https:\/\/2024.lodzwielukultur.pl\/#\/schema\/logo\/image\/"}}]}},"_links":{"self":[{"href":"https:\/\/2024.lodzwielukultur.pl\/en\/wp-json\/wp\/v2\/pages\/939","targetHints":{"allow":["GET"]}}],"collection":[{"href":"https:\/\/2024.lodzwielukultur.pl\/en\/wp-json\/wp\/v2\/pages"}],"about":[{"href":"https:\/\/2024.lodzwielukultur.pl\/en\/wp-json\/wp\/v2\/types\/page"}],"author":[{"embeddable":true,"href":"https:\/\/2024.lodzwielukultur.pl\/en\/wp-json\/wp\/v2\/users\/1"}],"replies":[{"embeddable":true,"href":"https:\/\/2024.lodzwielukultur.pl\/en\/wp-json\/wp\/v2\/comments?post=939"}],"version-history":[{"count":9,"href":"https:\/\/2024.lodzwielukultur.pl\/en\/wp-json\/wp\/v2\/pages\/939\/revisions"}],"predecessor-version":[{"id":1093,"href":"https:\/\/2024.lodzwielukultur.pl\/en\/wp-json\/wp\/v2\/pages\/939\/revisions\/1093"}],"wp:featuredmedia":[{"embeddable":true,"href":"https:\/\/2024.lodzwielukultur.pl\/en\/wp-json\/wp\/v2\/media\/1243"}],"wp:attachment":[{"href":"https:\/\/2024.lodzwielukultur.pl\/en\/wp-json\/wp\/v2\/media?parent=939"}],"curies":[{"name":"wp","href":"https:\/\/api.w.org\/{rel}","templated":true}]}}