{"id":946,"date":"2024-06-18T01:22:41","date_gmt":"2024-06-17T23:22:41","guid":{"rendered":"https:\/\/lodzwielukultur.pl\/about-festival\/organiser\/"},"modified":"2024-07-15T18:37:06","modified_gmt":"2024-07-15T16:37:06","slug":"organiser","status":"publish","type":"page","link":"https:\/\/2024.lodzwielukultur.pl\/en\/about-festival\/organiser\/","title":{"rendered":"Organiser"},"content":{"rendered":"\n<h1 class=\"wp-block-heading\">The Marek Edelman Dialogue Center in \u0141\u00f3d\u017a<\/h1>\n\n<p>The Dialogue Centre is a modern institution that deals with memory, history and the identity of the city. Collaborating with Polish and foreign artists, experts, scientists, using modern educational methods, original programmes and creative solutions, the Dialogue Centre offers a dynamic and diverse cultural and educational offer, addressed to both the Polish and foreign communities, who visit the institution and \u0141\u00f3d\u017a in increasing numbers.<\/p>\n\n<p>From the very beginning, most of our projects have had a very topical context, distinguishing the contemporary and multicultural aspect of Lodz, according to the adopted principle: REMEMBER, UNDERSTAND, ACTION.<\/p>\n\n<p><strong>Remember the Past<\/strong><\/p>\n\n<p><strong>Understand the Present<\/strong><\/p>\n\n<p><strong>Create the Future<\/strong> <\/p>\n\n<p>The Marek Edelman Dialogue Center in \u0141\u00f3d\u017a was established in 2011. , is dedicated to popularising the multi-ethnic and multi-religious heritage of Poland, especially \u0141\u00f3d\u017a, as well as figures who played an important role in building local and national identity, including Jan Karski, Marek Edelman and Artur Szyk. An important element of the Dialogue Centre&#8217;s activities is to promote the idea of tolerance and to counteract manifestations of racism, xenophobia and disrespect for people of different worldviews, origins and cultures.<\/p>\n\n<p>The Marek Edelman Dialogue Center in \u0141od\u017a was the organiser of the (then) \u0141\u00f3d\u017a of Four Cultures Festival in 2011-2012 and from 2017 to 2023. In 2024, it is the main organiser of the event under the new name of the \u0141\u00f3d\u017a of Many Cultures Festival, on a new date (October) and with a new programme team.<\/p>\n\n<figure class=\"wp-block-gallery has-nested-images columns-2 is-cropped wp-block-gallery-1 is-layout-flex wp-block-gallery-is-layout-flex\"><\/figure>\n\n<p><\/p>\n","protected":false},"excerpt":{"rendered":"<p>The Marek Edelman Dialogue Center in \u0141\u00f3d\u017a The Dialogue Centre is a modern institution that deals with memory, history and the identity of the city. Collaborating with Polish and foreign artists, experts, scientists, using modern educational methods, original programmes and creative solutions, the Dialogue Centre offers a dynamic and diverse cultural and educational offer, addressed [&hellip;]<\/p>\n","protected":false},"author":1,"featured_media":725,"parent":942,"menu_order":0,"comment_status":"closed","ping_status":"closed","template":"","meta":{"_acf_changed":false,"inline_featured_image":false,"footnotes":""},"class_list":["post-946","page","type-page","status-publish","has-post-thumbnail","hentry"],"acf":[],"yoast_head":"<!-- This site is optimized with the Yoast SEO plugin v25.0 - https:\/\/yoast.com\/wordpress\/plugins\/seo\/ -->\n<title>Organiser - Festiwal<\/title>\n<meta name=\"robots\" content=\"index, follow, max-snippet:-1, max-image-preview:large, max-video-preview:-1\" \/>\n<link rel=\"canonical\" href=\"https:\/\/2024.lodzwielukultur.pl\/o-festiwalu\/organizator\/\" \/>\n<meta property=\"og:locale\" content=\"en_US\" \/>\n<meta property=\"og:type\" content=\"article\" \/>\n<meta property=\"og:title\" content=\"Organiser - Festiwal\" \/>\n<meta property=\"og:description\" content=\"The Marek Edelman Dialogue Center in \u0141\u00f3d\u017a The Dialogue Centre is a modern institution that deals with memory, history and the identity of the city. Collaborating with Polish and foreign artists, experts, scientists, using modern educational methods, original programmes and creative solutions, the Dialogue Centre offers a dynamic and diverse cultural and educational offer, addressed [&hellip;]\" \/>\n<meta property=\"og:url\" content=\"https:\/\/2024.lodzwielukultur.pl\/o-festiwalu\/organizator\/\" \/>\n<meta property=\"og:site_name\" content=\"Festiwal\" \/>\n<meta property=\"article:modified_time\" content=\"2024-07-15T16:37:06+00:00\" \/>\n<meta property=\"og:image\" content=\"https:\/\/2024.lodzwielukultur.pl\/wp-content\/uploads\/2024\/06\/HAWA3614.jpg\" \/>\n\t<meta property=\"og:image:width\" content=\"2048\" \/>\n\t<meta property=\"og:image:height\" content=\"1365\" \/>\n\t<meta property=\"og:image:type\" content=\"image\/jpeg\" \/>\n<meta name=\"twitter:card\" content=\"summary_large_image\" \/>\n<meta name=\"twitter:label1\" content=\"Est. reading time\" \/>\n\t<meta name=\"twitter:data1\" content=\"1 minute\" \/>\n<script type=\"application\/ld+json\" class=\"yoast-schema-graph\">{\"@context\":\"https:\/\/schema.org\",\"@graph\":[{\"@type\":\"WebPage\",\"@id\":\"https:\/\/2024.lodzwielukultur.pl\/o-festiwalu\/organizator\/\",\"url\":\"https:\/\/2024.lodzwielukultur.pl\/o-festiwalu\/organizator\/\",\"name\":\"Organiser - Festiwal\",\"isPartOf\":{\"@id\":\"https:\/\/2024.lodzwielukultur.pl\/#website\"},\"primaryImageOfPage\":{\"@id\":\"https:\/\/2024.lodzwielukultur.pl\/o-festiwalu\/organizator\/#primaryimage\"},\"image\":{\"@id\":\"https:\/\/2024.lodzwielukultur.pl\/o-festiwalu\/organizator\/#primaryimage\"},\"thumbnailUrl\":\"https:\/\/2024.lodzwielukultur.pl\/wp-content\/uploads\/2024\/06\/HAWA3614.jpg\",\"datePublished\":\"2024-06-17T23:22:41+00:00\",\"dateModified\":\"2024-07-15T16:37:06+00:00\",\"breadcrumb\":{\"@id\":\"https:\/\/2024.lodzwielukultur.pl\/o-festiwalu\/organizator\/#breadcrumb\"},\"inLanguage\":\"en-US\",\"potentialAction\":[{\"@type\":\"ReadAction\",\"target\":[\"https:\/\/2024.lodzwielukultur.pl\/o-festiwalu\/organizator\/\"]}]},{\"@type\":\"ImageObject\",\"inLanguage\":\"en-US\",\"@id\":\"https:\/\/2024.lodzwielukultur.pl\/o-festiwalu\/organizator\/#primaryimage\",\"url\":\"https:\/\/2024.lodzwielukultur.pl\/wp-content\/uploads\/2024\/06\/HAWA3614.jpg\",\"contentUrl\":\"https:\/\/2024.lodzwielukultur.pl\/wp-content\/uploads\/2024\/06\/HAWA3614.jpg\",\"width\":2048,\"height\":1365},{\"@type\":\"BreadcrumbList\",\"@id\":\"https:\/\/2024.lodzwielukultur.pl\/o-festiwalu\/organizator\/#breadcrumb\",\"itemListElement\":[{\"@type\":\"ListItem\",\"position\":1,\"name\":\"Strona g\u0142\u00f3wna\",\"item\":\"https:\/\/2024.lodzwielukultur.pl\/en\/\"},{\"@type\":\"ListItem\",\"position\":2,\"name\":\"About Festival\",\"item\":\"https:\/\/2024.lodzwielukultur.pl\/o-festiwalu\/\"},{\"@type\":\"ListItem\",\"position\":3,\"name\":\"Organiser\"}]},{\"@type\":\"WebSite\",\"@id\":\"https:\/\/2024.lodzwielukultur.pl\/#website\",\"url\":\"https:\/\/2024.lodzwielukultur.pl\/\",\"name\":\"Festiwal\",\"description\":\"\u0141\u00f3d\u017a Wielu Kultur\",\"publisher\":{\"@id\":\"https:\/\/2024.lodzwielukultur.pl\/#organization\"},\"potentialAction\":[{\"@type\":\"SearchAction\",\"target\":{\"@type\":\"EntryPoint\",\"urlTemplate\":\"https:\/\/2024.lodzwielukultur.pl\/?s={search_term_string}\"},\"query-input\":{\"@type\":\"PropertyValueSpecification\",\"valueRequired\":true,\"valueName\":\"search_term_string\"}}],\"inLanguage\":\"en-US\"},{\"@type\":\"Organization\",\"@id\":\"https:\/\/2024.lodzwielukultur.pl\/#organization\",\"name\":\"Festiwal\",\"url\":\"https:\/\/2024.lodzwielukultur.pl\/\",\"logo\":{\"@type\":\"ImageObject\",\"inLanguage\":\"en-US\",\"@id\":\"https:\/\/2024.lodzwielukultur.pl\/#\/schema\/logo\/image\/\",\"url\":\"https:\/\/2024.lodzwielukultur.pl\/wp-content\/uploads\/2024\/06\/logotype-1.svg\",\"contentUrl\":\"https:\/\/2024.lodzwielukultur.pl\/wp-content\/uploads\/2024\/06\/logotype-1.svg\",\"width\":\"1024\",\"height\":\"1024\",\"caption\":\"Festiwal\"},\"image\":{\"@id\":\"https:\/\/2024.lodzwielukultur.pl\/#\/schema\/logo\/image\/\"}}]}<\/script>\n<!-- \/ Yoast SEO plugin. -->","yoast_head_json":{"title":"Organiser - Festiwal","robots":{"index":"index","follow":"follow","max-snippet":"max-snippet:-1","max-image-preview":"max-image-preview:large","max-video-preview":"max-video-preview:-1"},"canonical":"https:\/\/2024.lodzwielukultur.pl\/o-festiwalu\/organizator\/","og_locale":"en_US","og_type":"article","og_title":"Organiser - Festiwal","og_description":"The Marek Edelman Dialogue Center in \u0141\u00f3d\u017a The Dialogue Centre is a modern institution that deals with memory, history and the identity of the city. Collaborating with Polish and foreign artists, experts, scientists, using modern educational methods, original programmes and creative solutions, the Dialogue Centre offers a dynamic and diverse cultural and educational offer, addressed [&hellip;]","og_url":"https:\/\/2024.lodzwielukultur.pl\/o-festiwalu\/organizator\/","og_site_name":"Festiwal","article_modified_time":"2024-07-15T16:37:06+00:00","og_image":[{"width":2048,"height":1365,"url":"https:\/\/2024.lodzwielukultur.pl\/wp-content\/uploads\/2024\/06\/HAWA3614.jpg","type":"image\/jpeg"}],"twitter_card":"summary_large_image","twitter_misc":{"Est. reading time":"1 minute"},"schema":{"@context":"https:\/\/schema.org","@graph":[{"@type":"WebPage","@id":"https:\/\/2024.lodzwielukultur.pl\/o-festiwalu\/organizator\/","url":"https:\/\/2024.lodzwielukultur.pl\/o-festiwalu\/organizator\/","name":"Organiser - Festiwal","isPartOf":{"@id":"https:\/\/2024.lodzwielukultur.pl\/#website"},"primaryImageOfPage":{"@id":"https:\/\/2024.lodzwielukultur.pl\/o-festiwalu\/organizator\/#primaryimage"},"image":{"@id":"https:\/\/2024.lodzwielukultur.pl\/o-festiwalu\/organizator\/#primaryimage"},"thumbnailUrl":"https:\/\/2024.lodzwielukultur.pl\/wp-content\/uploads\/2024\/06\/HAWA3614.jpg","datePublished":"2024-06-17T23:22:41+00:00","dateModified":"2024-07-15T16:37:06+00:00","breadcrumb":{"@id":"https:\/\/2024.lodzwielukultur.pl\/o-festiwalu\/organizator\/#breadcrumb"},"inLanguage":"en-US","potentialAction":[{"@type":"ReadAction","target":["https:\/\/2024.lodzwielukultur.pl\/o-festiwalu\/organizator\/"]}]},{"@type":"ImageObject","inLanguage":"en-US","@id":"https:\/\/2024.lodzwielukultur.pl\/o-festiwalu\/organizator\/#primaryimage","url":"https:\/\/2024.lodzwielukultur.pl\/wp-content\/uploads\/2024\/06\/HAWA3614.jpg","contentUrl":"https:\/\/2024.lodzwielukultur.pl\/wp-content\/uploads\/2024\/06\/HAWA3614.jpg","width":2048,"height":1365},{"@type":"BreadcrumbList","@id":"https:\/\/2024.lodzwielukultur.pl\/o-festiwalu\/organizator\/#breadcrumb","itemListElement":[{"@type":"ListItem","position":1,"name":"Strona g\u0142\u00f3wna","item":"https:\/\/2024.lodzwielukultur.pl\/en\/"},{"@type":"ListItem","position":2,"name":"About Festival","item":"https:\/\/2024.lodzwielukultur.pl\/o-festiwalu\/"},{"@type":"ListItem","position":3,"name":"Organiser"}]},{"@type":"WebSite","@id":"https:\/\/2024.lodzwielukultur.pl\/#website","url":"https:\/\/2024.lodzwielukultur.pl\/","name":"Festiwal","description":"\u0141\u00f3d\u017a Wielu Kultur","publisher":{"@id":"https:\/\/2024.lodzwielukultur.pl\/#organization"},"potentialAction":[{"@type":"SearchAction","target":{"@type":"EntryPoint","urlTemplate":"https:\/\/2024.lodzwielukultur.pl\/?s={search_term_string}"},"query-input":{"@type":"PropertyValueSpecification","valueRequired":true,"valueName":"search_term_string"}}],"inLanguage":"en-US"},{"@type":"Organization","@id":"https:\/\/2024.lodzwielukultur.pl\/#organization","name":"Festiwal","url":"https:\/\/2024.lodzwielukultur.pl\/","logo":{"@type":"ImageObject","inLanguage":"en-US","@id":"https:\/\/2024.lodzwielukultur.pl\/#\/schema\/logo\/image\/","url":"https:\/\/2024.lodzwielukultur.pl\/wp-content\/uploads\/2024\/06\/logotype-1.svg","contentUrl":"https:\/\/2024.lodzwielukultur.pl\/wp-content\/uploads\/2024\/06\/logotype-1.svg","width":"1024","height":"1024","caption":"Festiwal"},"image":{"@id":"https:\/\/2024.lodzwielukultur.pl\/#\/schema\/logo\/image\/"}}]}},"_links":{"self":[{"href":"https:\/\/2024.lodzwielukultur.pl\/en\/wp-json\/wp\/v2\/pages\/946","targetHints":{"allow":["GET"]}}],"collection":[{"href":"https:\/\/2024.lodzwielukultur.pl\/en\/wp-json\/wp\/v2\/pages"}],"about":[{"href":"https:\/\/2024.lodzwielukultur.pl\/en\/wp-json\/wp\/v2\/types\/page"}],"author":[{"embeddable":true,"href":"https:\/\/2024.lodzwielukultur.pl\/en\/wp-json\/wp\/v2\/users\/1"}],"replies":[{"embeddable":true,"href":"https:\/\/2024.lodzwielukultur.pl\/en\/wp-json\/wp\/v2\/comments?post=946"}],"version-history":[{"count":1,"href":"https:\/\/2024.lodzwielukultur.pl\/en\/wp-json\/wp\/v2\/pages\/946\/revisions"}],"predecessor-version":[{"id":947,"href":"https:\/\/2024.lodzwielukultur.pl\/en\/wp-json\/wp\/v2\/pages\/946\/revisions\/947"}],"up":[{"embeddable":true,"href":"https:\/\/2024.lodzwielukultur.pl\/en\/wp-json\/wp\/v2\/pages\/942"}],"wp:featuredmedia":[{"embeddable":true,"href":"https:\/\/2024.lodzwielukultur.pl\/en\/wp-json\/wp\/v2\/media\/725"}],"wp:attachment":[{"href":"https:\/\/2024.lodzwielukultur.pl\/en\/wp-json\/wp\/v2\/media?parent=946"}],"curies":[{"name":"wp","href":"https:\/\/api.w.org\/{rel}","templated":true}]}}